{"id":18970,"date":"2023-07-07T11:36:31","date_gmt":"2023-07-07T15:36:31","guid":{"rendered":"https:\/\/inversol.cl\/?page_id=18970"},"modified":"2026-01-05T16:33:16","modified_gmt":"2026-01-05T19:33:16","slug":"empresa","status":"publish","type":"page","link":"https:\/\/inversol.cl\/index.php\/empresa\/","title":{"rendered":"Empresa"},"content":{"rendered":"<section class=\"l-section wpb_row us_custom_0580e5e8 height_medium has_text_color\"><div class=\"l-section-h i-cf\"><div class=\"g-cols vc_row type_default valign_middle\"><div class=\"vc_col-sm-12 wpb_column vc_column_container\"><div class=\"vc_column-inner\"><div class=\"wpb_wrapper\"><div class=\"wpb_text_column us_custom_b9688ea9\" ><div class=\"wpb_wrapper\"><h1>Nosotros<\/h1>\n<\/div><\/div><div class=\"w-separator size_custom\" style=\"height:20px\"><\/div><div class=\"wpb_text_column us_custom_a5c88937\" ><div class=\"wpb_wrapper\"><p>Empresa especializada en la importaci\u00f3n y comercializaci\u00f3n<\/p>\n<\/div><\/div><\/div><\/div><\/div><\/div><\/div><\/section><section class=\"l-section wpb_row height_custom\"><div class=\"l-section-h i-cf\"><div class=\"g-cols vc_row type_default valign_top\"><div class=\"vc_col-sm-2\/5 wpb_column vc_column_container\"><div class=\"vc_column-inner\"><div class=\"wpb_wrapper\"><div class=\"wpb_text_column us_custom_02b84852\" ><div class=\"wpb_wrapper\"><p>Inversol es una empresa especializada en la importaci\u00f3n y comercializaci\u00f3n de insumos, herramientas y maquinarias para el embalaje industrial. Fundada en 2005, frece m\u00e1s de 3.000 productos de alta calidad a empresas de sectores como agricultura, construcci\u00f3n, manufactura, alimentaci\u00f3n, miner\u00eda, exportaci\u00f3n, retail, log\u00edstica y farmac\u00e9utica. La empresa importa principalmente desde Norteam\u00e9rica, Europa y Asia, y mantiene relaciones comerciales a largo plazo con proveedores para asegurar calidad y suministro continuo.<\/p>\n<p>Inversol brinda soluciones integrales de embalaje, incluyendo productos como zunchos, films, cintas, sacos y maquinarias para aplicaciones manuales y autom\u00e1ticas. Con cobertura nacional, se destaca por su compromiso con un servicio diferenciador, precios competitivos y un extenso stock disponible.<\/p>\n<\/div><\/div><\/div><\/div><\/div><div class=\"vc_col-sm-3\/5 wpb_column vc_column_container\"><div class=\"vc_column-inner\"><div class=\"wpb_wrapper\"><div class=\"w-image us_custom_79c7d39e align_none\"><div class=\"w-image-h\"><img loading=\"lazy\" decoding=\"async\" width=\"1280\" height=\"826\" src=\"https:\/\/inversol.cl\/wp-content\/uploads\/2026\/01\/imagen-nosotros.jpeg\" class=\"attachment-full size-full\" alt=\"\" srcset=\"https:\/\/inversol.cl\/wp-content\/uploads\/2026\/01\/imagen-nosotros.jpeg 1280w, https:\/\/inversol.cl\/wp-content\/uploads\/2026\/01\/imagen-nosotros-300x194.jpeg 300w, https:\/\/inversol.cl\/wp-content\/uploads\/2026\/01\/imagen-nosotros-1024x661.jpeg 1024w, https:\/\/inversol.cl\/wp-content\/uploads\/2026\/01\/imagen-nosotros-600x387.jpeg 600w\" sizes=\"auto, (max-width: 1280px) 100vw, 1280px\" \/><\/div><\/div><\/div><\/div><\/div><\/div><\/div><\/section><section class=\"l-section wpb_row height_auto width_full\"><div class=\"l-section-h i-cf\"><div class=\"g-cols vc_row type_default valign_bottom\"><div class=\"vc_col-sm-12 wpb_column vc_column_container\"><div class=\"vc_column-inner\"><div class=\"wpb_wrapper\"><div class=\"w-separator size_custom\" style=\"height:120px\"><\/div><div class=\"wpb_text_column\" ><div class=\"wpb_wrapper\"><h1 style=\"text-align: center;\">Rubros en los que trabajamos<\/h1>\n<\/div><\/div><div class=\"w-separator size_custom\" style=\"height:40px\"><\/div>[vc_raw_html]JTNDJTIxRE9DVFlQRSUyMGh0bWwlM0UlMEElM0NodG1sJTNFJTBBJTBBJTNDaGVhZCUzRSUwQSUyMCUyMCUzQ3N0eWxlJTNFJTBBJTIwJTIwJTIwJTIwLm1hcnF1ZWUlMjAlN0IlMEElMjAlMjAlMjAlMjAlMjAlMjB3aWR0aCUzQSUyMDEwMCUyNSUzQiUwQSUyMCUyMCUyMCUyMCUyMCUyMG92ZXJmbG93JTNBJTIwaGlkZGVuJTNCJTBBJTIwJTIwJTIwJTIwJTIwJTIwd2hpdGUtc3BhY2UlM0ElMjBub3dyYXAlM0IlMEElMjAlMjAlMjAlMjAlMjAlMjBib3gtc2l6aW5nJTNBJTIwYm9yZGVyLWJveCUzQiUwQSUyMCUyMCUyMCUyMCUyMCUyMHBvc2l0aW9uJTNBJTIwcmVsYXRpdmUlM0IlMEElMjAlMjAlMjAlMjAlMjAlMjBiYWNrZ3JvdW5kLWNvbG9yJTNBJTIwJTIzQkYxNDFDJTNCJTBBJTIwJTIwJTIwJTIwJTIwJTIwY29sb3IlM0ElMjB3aGl0ZSUzQiUwQSUyMCUyMCUyMCUyMCUyMCUyMHBhZGRpbmctdG9wJTNBJTIwMTBweCUzQiUwQSUyMCUyMCUyMCUyMCUyMCUyMHBhZGRpbmctYm90dG9tJTNBJTIwMTBweCUzQiUwQSUyMCUyMCUyMCUyMCUyMCUyMGZvbnQtc2l6ZSUzQSUyMDIwcHglM0IlMEElMjAlMjAlMjAlMjAlN0QlMEElMEElMjAlMjAlMjAlMjAubWFycXVlZS1jb250ZW50JTIwJTdCJTBBJTIwJTIwJTIwJTIwJTIwJTIwZGlzcGxheSUzQSUyMGlubGluZS1ibG9jayUzQiUwQSUyMCUyMCUyMCUyMCUyMCUyMHBhZGRpbmctbGVmdCUzQSUyMDEwMCUyNSUzQiUwQSUyMCUyMCUyMCUyMCUyMCUyMGFuaW1hdGlvbiUzQSUyMG1hcnF1ZWUlMjAxMjBzJTIwbGluZWFyJTIwaW5maW5pdGUlM0IlMEElMjAlMjAlMjAlMjAlN0QlMEElMEElMjAlMjAlMjAlMjAlNDBrZXlmcmFtZXMlMjBtYXJxdWVlJTIwJTdCJTBBJTIwJTIwJTIwJTIwJTIwJTIwMCUyNSUyMCU3QiUwQSUyMCUyMCUyMCUyMCUyMCUyMCUyMCUyMHRyYW5zZm9ybSUzQSUyMHRyYW5zbGF0ZSUyODAlMkMlMjAwJTI5JTNCJTBBJTIwJTIwJTIwJTIwJTIwJTIwJTdEJTBBJTBBJTIwJTIwJTIwJTIwJTIwJTIwMTAwJTI1JTIwJTdCJTBBJTIwJTIwJTIwJTIwJTIwJTIwJTIwJTIwdHJhbnNmb3JtJTNBJTIwdHJhbnNsYXRlJTI4LTEwMCUyNSUyQyUyMDAlMjklM0IlMEElMjAlMjAlMjAlMjAlMjAlMjAlN0QlMEElMjAlMjAlMjAlMjAlN0QlMEElMjAlMjAlM0MlMkZzdHlsZSUzRSUwQSUzQyUyRmhlYWQlM0UlMEElMEElM0Nib2R5JTNFJTBBJTIwJTIwJTNDc2NyaXB0JTNFJTBBJTIwJTIwJTIwJTIwZG9jdW1lbnQuZ2V0RWxlbWVudEJ5SWQlMjglMjJtYXJxdWVlZSUyMiUyOS5zdHlsZS5kaXNwbGF5JTIwJTNEJTIwJTIybm9uZSUyMiUzQiUwQSUyMCUyMCUyMCUyMGRvY3VtZW50LmFkZEV2ZW50TGlzdGVuZXIlMjglMjJET01Db250ZW50TG9hZGVkJTIyJTJDJTIwZnVuY3Rpb24lMjAlMjglMjklMjAlN0IlMEElMjAlMjAlMjAlMjAlMjAlMjBkb2N1bWVudC5nZXRFbGVtZW50QnlJZCUyOCUyMm1hcnF1ZWVlJTIyJTI5LnN0eWxlLmRpc3BsYXklMjAlM0QlMjAlMjJibG9jayUyMiUzQiUwQSUyMCUyMCUyMCUyMCU3RCUyOSUzQiUwQSUyMCUyMCUzQyUyRnNjcmlwdCUzRSUwQSUyMCUyMCUzQ2RpdiUyMGlkJTNEJTI3bWFycXVlZWUlMjclMjBjbGFzcyUzRCUyMm1hcnF1ZWUlMjIlM0UlMEElMjAlMjAlMjAlMjAlM0NkaXYlMjBjbGFzcyUzRCUyMm1hcnF1ZWUtY29udGVudCUyMiUzRSUwQSUyMCUyMCUyMCUyMCUyMCUyMEFncm9pbmR1c3RyaWElMjAlQzIlQjclMjBBbGltZW50b3MlMjAlQzIlQjclMjBDb25zdHJ1Y2NpJUMzJUIzbiUyMCVDMiVCNyUyMEZvcmVzdGFsJTIwJUMyJUI3JTIwTG9nJUMzJUFEc3RpY2ElMjB5JTIwdHJhbnNwb3J0ZSUyMCVDMiVCNyUyME1pbmVyJUMzJUFEYSUyMCVDMiVCNyUyMFZpdGl2aW4lQzMlQURjb2xhJTIwJUMyJUI3JTBBJTIwJTIwJTIwJTIwJTIwJTIwQWdyb2luZHVzdHJpYSUyMCVDMiVCNyUyMEFsaW1lbnRvcyUyMCVDMiVCNyUyMENvbnN0cnVjY2klQzMlQjNuJTIwJUMyJUI3JTIwRm9yZXN0YWwlMjAlQzIlQjclMjBMb2clQzMlQURzdGljYSUyMHklMjB0cmFuc3BvcnRlJTIwJUMyJUI3JTIwTWluZXIlQzMlQURhJTIwJUMyJUI3JTIwVml0aXZpbiVDMyVBRGNvbGElMjAlQzIlQjclMEElMjAlMjAlMjAlMjAlMjAlMjBBZ3JvaW5kdXN0cmlhJTIwJUMyJUI3JTIwQWxpbWVudG9zJTIwJUMyJUI3JTIwQ29uc3RydWNjaSVDMyVCM24lMjAlQzIlQjclMjBGb3Jlc3RhbCUyMCVDMiVCNyUyMExvZyVDMyVBRHN0aWNhJTIweSUyMHRyYW5zcG9ydGUlMjAlQzIlQjclMjBNaW5lciVDMyVBRGElMjAlQzIlQjclMjBWaXRpdmluJUMzJUFEY29sYSUyMCVDMiVCNyUwQSUyMCUyMCUyMCUyMCUyMCUyMEFncm9pbmR1c3RyaWElMjAlQzIlQjclMjBBbGltZW50b3MlMjAlQzIlQjclMjBDb25zdHJ1Y2NpJUMzJUIzbiUyMCVDMiVCNyUyMEZvcmVzdGFsJTIwJUMyJUI3JTIwTG9nJUMzJUFEc3RpY2ElMjB5JTIwdHJhbnNwb3J0ZSUyMCVDMiVCNyUyME1pbmVyJUMzJUFEYSUyMCVDMiVCNyUyMFZpdGl2aW4lQzMlQURjb2xhJTIwJUMyJUI3JTBBJTIwJTIwJTIwJTIwJTIwJTIwQWdyb2luZHVzdHJpYSUyMCVDMiVCNyUyMEFsaW1lbnRvcyUyMCVDMiVCNyUyMENvbnN0cnVjY2klQzMlQjNuJTIwJUMyJUI3JTIwRm9yZXN0YWwlMjAlQzIlQjclMjBMb2clQzMlQURzdGljYSUyMHklMjB0cmFuc3BvcnRlJTIwJUMyJUI3JTIwTWluZXIlQzMlQURhJTIwJUMyJUI3JTIwVml0aXZpbiVDMyVBRGNvbGElMjAlQzIlQjclMEElMjAlMjAlMjAlMjAlMjAlMjBBZ3JvaW5kdXN0cmlhJTIwJUMyJUI3JTIwQWxpbWVudG9zJTIwJUMyJUI3JTIwQ29uc3RydWNjaSVDMyVCM24lMjAlQzIlQjclMjBGb3Jlc3RhbCUyMCVDMiVCNyUyMExvZyVDMyVBRHN0aWNhJTIweSUyMHRyYW5zcG9ydGUlMjAlQzIlQjclMjBNaW5lciVDMyVBRGElMjAlQzIlQjclMjBWaXRpdmluJUMzJUFEY29sYSUyMCVDMiVCNyUwQSUyMCUyMCUyMCUyMCUyMCUyMEFncm9pbmR1c3RyaWElMjAlQzIlQjclMjBBbGltZW50b3MlMjAlQzIlQjclMjBDb25zdHJ1Y2NpJUMzJUIzbiUyMCVDMiVCNyUyMEZvcmVzdGFsJTIwJUMyJUI3JTIwTG9nJUMzJUFEc3RpY2ElMjB5JTIwdHJhbnNwb3J0ZSUyMCVDMiVCNyUyME1pbmVyJUMzJUFEYSUyMCVDMiVCNyUyMFZpdGl2aW4lQzMlQURjb2xhJTIwJUMyJUI3JTBBJTIwJTIwJTIwJTIwJTIwJTIwQWdyb2luZHVzdHJpYSUyMCVDMiVCNyUyMEFsaW1lbnRvcyUyMCVDMiVCNyUyMENvbnN0cnVjY2klQzMlQjNuJTIwJUMyJUI3JTIwRm9yZXN0YWwlMjAlQzIlQjclMjBMb2clQzMlQURzdGljYSUyMHklMjB0cmFuc3BvcnRlJTIwJUMyJUI3JTIwTWluZXIlQzMlQURhJTIwJUMyJUI3JTIwVml0aXZpbiVDMyVBRGNvbGElMjAlQzIlQjclMEElMjAlMjAlMjAlMjAlMjAlMjBBZ3JvaW5kdXN0cmlhJTIwJUMyJUI3JTIwQWxpbWVudG9zJTIwJUMyJUI3JTIwQ29uc3RydWNjaSVDMyVCM24lMjAlQzIlQjclMjBGb3Jlc3RhbCUyMCVDMiVCNyUyMExvZyVDMyVBRHN0aWNhJTIweSUyMHRyYW5zcG9ydGUlMjAlQzIlQjclMjBNaW5lciVDMyVBRGElMjAlQzIlQjclMjBWaXRpdmluJUMzJUFEY29sYSUyMCVDMiVCNyUwQSUyMCUyMCUyMCUyMCUyMCUyMEFncm9pbmR1c3RyaWElMjAlQzIlQjclMjBBbGltZW50b3MlMjAlQzIlQjclMjBDb25zdHJ1Y2NpJUMzJUIzbiUyMCVDMiVCNyUyMEZvcmVzdGFsJTIwJUMyJUI3JTIwTG9nJUMzJUFEc3RpY2ElMjB5JTIwdHJhbnNwb3J0ZSUyMCVDMiVCNyUyME1pbmVyJUMzJUFEYSUyMCVDMiVCNyUyMFZpdGl2aW4lQzMlQURjb2xhJTIwJUMyJUI3JTBBJTIwJTIwJTIwJTIwJTIwJTIwQWdyb2luZHVzdHJpYSUyMCVDMiVCNyUyMEFsaW1lbnRvcyUyMCVDMiVCNyUyMENvbnN0cnVjY2klQzMlQjNuJTIwJUMyJUI3JTIwRm9yZXN0YWwlMjAlQzIlQjclMjBMb2clQzMlQURzdGljYSUyMHklMjB0cmFuc3BvcnRlJTIwJUMyJUI3JTIwTWluZXIlQzMlQURhJTIwJUMyJUI3JTIwVml0aXZpbiVDMyVBRGNvbGElMjAlQzIlQjclMEElMjAlMjAlMjAlMjAlM0MlMkZkaXYlM0UlMEElMjAlMjAlM0MlMkZkaXYlM0UlMEElM0MlMkZib2R5JTNFJTBBJTBBJTNDJTJGaHRtbCUzRQ==[\/vc_raw_html]<\/div><\/div><\/div><\/div><\/div><\/section>\n","protected":false},"excerpt":{"rendered":"Nosotros Empresa especializada en la importaci\u00f3n y comercializaci\u00f3n Inversol es una empresa especializada en la importaci\u00f3n y comercializaci\u00f3n de insumos, herramientas y maquinarias para el embalaje industrial. Fundada en 2005, frece m\u00e1s de 3.000 productos de alta calidad a empresas de sectores como agricultura, construcci\u00f3n, manufactura, alimentaci\u00f3n, miner\u00eda, exportaci\u00f3n, retail, log\u00edstica y farmac\u00e9utica. La empresa...","protected":false},"author":7,"featured_media":0,"parent":0,"menu_order":0,"comment_status":"closed","ping_status":"closed","template":"","meta":{"_acf_changed":false,"footnotes":""},"class_list":["post-18970","page","type-page","status-publish","hentry"],"acf":[],"_links":{"self":[{"href":"https:\/\/inversol.cl\/index.php\/wp-json\/wp\/v2\/pages\/18970","targetHints":{"allow":["GET"]}}],"collection":[{"href":"https:\/\/inversol.cl\/index.php\/wp-json\/wp\/v2\/pages"}],"about":[{"href":"https:\/\/inversol.cl\/index.php\/wp-json\/wp\/v2\/types\/page"}],"author":[{"embeddable":true,"href":"https:\/\/inversol.cl\/index.php\/wp-json\/wp\/v2\/users\/7"}],"replies":[{"embeddable":true,"href":"https:\/\/inversol.cl\/index.php\/wp-json\/wp\/v2\/comments?post=18970"}],"version-history":[{"count":60,"href":"https:\/\/inversol.cl\/index.php\/wp-json\/wp\/v2\/pages\/18970\/revisions"}],"predecessor-version":[{"id":60993,"href":"https:\/\/inversol.cl\/index.php\/wp-json\/wp\/v2\/pages\/18970\/revisions\/60993"}],"wp:attachment":[{"href":"https:\/\/inversol.cl\/index.php\/wp-json\/wp\/v2\/media?parent=18970"}],"curies":[{"name":"wp","href":"https:\/\/api.w.org\/{rel}","templated":true}]}}