{"id":9380,"date":"2021-04-21T22:32:24","date_gmt":"2021-04-22T02:32:24","guid":{"rendered":"http:\/\/vielva.clics.cl\/?page_id=9380"},"modified":"2023-01-25T12:03:31","modified_gmt":"2023-01-25T15:03:31","slug":"terminos-y-condiciones","status":"publish","type":"page","link":"https:\/\/inversol.cl\/index.php\/terminos-y-condiciones\/","title":{"rendered":"T\u00e9rminos y Condiciones"},"content":{"rendered":"<section class=\"l-section wpb_row us_custom_bb0b107a height_custom\"><div class=\"l-section-h i-cf\"><div class=\"g-cols vc_row type_default valign_top\"><div class=\"vc_col-sm-12 wpb_column vc_column_container\"><div class=\"vc_column-inner\"><div class=\"wpb_wrapper\"><div class=\"wpb_text_column\" ><div class=\"wpb_wrapper\"><p style=\"text-align: center;\"><strong><span style=\"vertical-align: inherit;\"><span style=\"vertical-align: inherit;\"><span style=\"vertical-align: inherit;\"><span style=\"vertical-align: inherit;\">POL\u00cdTICAS DE PRIVACIDAD<\/span><\/span><\/span><\/span><\/strong><\/p>\n<p><span style=\"vertical-align: inherit;\"><span style=\"vertical-align: inherit;\"><span style=\"vertical-align: inherit;\"><span style=\"vertical-align: inherit;\">De acuerdo con la Ley N\u00b019.628 (Ley de Protecci\u00f3n de la Vida Privada, en adelante, \u201cLPD\u201d), son datos personales los relativos a cualquier informaci\u00f3n concerniente a personas naturales, identificadas o identificables (en adelante, Datos Personales).<\/span><\/span><\/span><\/span><\/p>\n<p><span style=\"vertical-align: inherit;\"><span style=\"vertical-align: inherit;\"><span style=\"vertical-align: inherit;\"><span style=\"vertical-align: inherit;\">Al aceptar esta Pol\u00edtica nos autoriza a tratar sus datos personales en concordancia con ella.<\/span><\/span><\/span><\/span><\/p>\n<p><span style=\"vertical-align: inherit;\"><span style=\"vertical-align: inherit;\"><span style=\"vertical-align: inherit;\"><span style=\"vertical-align: inherit;\">Se encuentra toda la informaci\u00f3n personal proporcionada por el usted a trav\u00e9s de nuestro sitio web y canales de contacto, incluyendo su nombre, tel\u00e9fono, rut, correo electr\u00f3nico y direcci\u00f3n, as\u00ed como la informaci\u00f3n asociada al dispositivo mediante el cual se hace uso del sitio web, direcci\u00f3n de protocolo de internet de tu computadora (ip) y aquella recopilada a trav\u00e9s del uso de cookies.<\/span><\/span><\/span><\/span><\/p>\n<p><span style=\"vertical-align: inherit;\"><span style=\"vertical-align: inherit;\"><span style=\"vertical-align: inherit;\"><span style=\"vertical-align: inherit;\">Trataremos sus datos suministrados para los siguientes fines:<\/span><\/span><\/span><\/span><\/p>\n<ul>\n<li><span style=\"vertical-align: inherit;\"><span style=\"vertical-align: inherit;\"><span style=\"vertical-align: inherit;\"><span style=\"vertical-align: inherit;\">Dar cumplimiento a los contratos con nosotros y a nuestras obligaciones legales.<\/span><\/span><\/span><\/span><\/li>\n<li><span style=\"vertical-align: inherit;\"><span style=\"vertical-align: inherit;\"><span style=\"vertical-align: inherit;\"><span style=\"vertical-align: inherit;\">Gestionar sus consultas, reclamos y solicitudes.<\/span><\/span><\/span><\/span><\/li>\n<li><span style=\"vertical-align: inherit;\"><span style=\"vertical-align: inherit;\"><span style=\"vertical-align: inherit;\"><span style=\"vertical-align: inherit;\">Entregarle informaci\u00f3n respecto de nuestros productos y servicios y nuevas iniciativas.<\/span><\/span><\/span><\/span><\/li>\n<li><span style=\"vertical-align: inherit;\"><span style=\"vertical-align: inherit;\"><span style=\"vertical-align: inherit;\"><span style=\"vertical-align: inherit;\">Los datos s\u00f3lo ser\u00e1n tratados mientras sean necesarios para las finalidades para los cuales se otorgan, salvo aquellos que la ley nos exija mantener por m\u00e1s tiempo.<\/span><\/span><\/span><\/span><\/li>\n<li><span style=\"vertical-align: inherit;\"><span style=\"vertical-align: inherit;\"><span style=\"vertical-align: inherit;\"><span style=\"vertical-align: inherit;\">Las actividades mencionadas podr\u00e1n ser realizadas a trav\u00e9s de diferentes medios tales como correo electr\u00f3nico, celular o dispositivo m\u00f3vil, mensajes de texto, o a trav\u00e9s de cualquier medio digital de comunicaci\u00f3n.<\/span><\/span><\/span><\/span><\/li>\n<\/ul>\n<p>&nbsp;<\/p>\n<p style=\"text-align: center;\"><strong><span style=\"vertical-align: inherit;\"><span style=\"vertical-align: inherit;\"><span style=\"vertical-align: inherit;\"><span style=\"vertical-align: inherit;\">POL\u00cdTICAS DE CAMBIO<\/span><\/span><\/span><\/span><\/strong><\/p>\n<p><span style=\"vertical-align: inherit;\"><span style=\"vertical-align: inherit;\"><span style=\"vertical-align: inherit;\"><span style=\"vertical-align: inherit;\">Los cambios de productos adquiridos por medio de nuestro sitio web se pueden realizar directamente en nuestra tienda, siempre y cuando cumplan con las indicaciones publicadas m\u00e1s abajo, sin embargo, si usted no se encuentra en Talca, Maule, le sugerimos escribirnos a nuestro correo <\/span><\/span><\/span><\/span><a href=\"mailto:ventaspaginawebkamiana@gmail.com\"><span style=\"vertical-align: inherit;\"><span style=\"vertical-align: inherit;\"><span style=\"vertical-align: inherit;\"><span style=\"vertical-align: inherit;\">ventaspaginawebkamiana@gmail.com<\/span><\/span><\/span><\/span><\/a><\/p>\n<ul>\n<li><span style=\"vertical-align: inherit;\"><span style=\"vertical-align: inherit;\"><span style=\"vertical-align: inherit;\"><span style=\"vertical-align: inherit;\">Solicitarlo dentro de los 3 meses posteriores a la compra del producto, seg\u00fan fecha de la boleta o factura, siempre que \u00e9ste no se hubiere deteriorado por hecho imputable al consumidor. (Art. 21, Ley 19.496).<\/span><\/span><\/span><\/span><\/li>\n<li><span style=\"vertical-align: inherit;\"><span style=\"vertical-align: inherit;\"><span style=\"vertical-align: inherit;\"><span style=\"vertical-align: inherit;\">El producto debe estar sin uso, con etiquetas y en perfectas condiciones. Debe disponer del embalaje original.<\/span><\/span><\/span><\/span><\/li>\n<li><span style=\"vertical-align: inherit;\"><span style=\"vertical-align: inherit;\"><span style=\"vertical-align: inherit;\"><span style=\"vertical-align: inherit;\">Debe disponer del embalaje original y de la boleta o factura que se entrega al momento de la compra, las \u00f3rdenes de compra impresas no son v\u00e1lidas como documento.<\/span><\/span><\/span><\/span><\/li>\n<\/ul>\n<p>&nbsp;<\/p>\n<p style=\"text-align: center;\"><strong><span style=\"vertical-align: inherit;\"><span style=\"vertical-align: inherit;\"><span style=\"vertical-align: inherit;\"><span style=\"vertical-align: inherit;\">POL\u00cdTICAS DE DEVOLUCION<\/span><\/span><\/span><\/span><\/strong><\/p>\n<p><span style=\"vertical-align: inherit;\"><span style=\"vertical-align: inherit;\"><span style=\"vertical-align: inherit;\"><span style=\"vertical-align: inherit;\">Puedes solicitar devoluci\u00f3n si el producto presenta fallas de origen o si no cumple con las caracter\u00edsticas anunciadas (ejemplo: color, medidas, accesorios), en caso de ser necesario se le solicitar\u00e1n fotograf\u00edas del producto que evidencien alg\u00fan posible problema. La Devoluci\u00f3n es exclusivamente para personas que realizaron una compra no presencial a trav\u00e9s de internet.<\/span><\/span><\/span><\/span><\/p>\n<ul>\n<li><span style=\"vertical-align: inherit;\"><span style=\"vertical-align: inherit;\"><span style=\"vertical-align: inherit;\"><span style=\"vertical-align: inherit;\">Usted cuenta con un plazo de 10 d\u00edas corridos a partir de la fecha emitida en su boleta, siempre que el producto no se hubiere deteriorado por hecho imputable al consumidor. (Art. 21, Ley 19.496).<\/span><\/span><\/span><\/span><\/li>\n<li><span style=\"vertical-align: inherit;\"><span style=\"vertical-align: inherit;\"><span style=\"vertical-align: inherit;\"><span style=\"vertical-align: inherit;\">El producto debe estar sin uso, con etiquetas y en perfectas condiciones. Debe disponer del embalaje original.<\/span><\/span><\/span><\/span><\/li>\n<li><span style=\"vertical-align: inherit;\"><span style=\"vertical-align: inherit;\"><span style=\"vertical-align: inherit;\"><span style=\"vertical-align: inherit;\">Debe disponer del embalaje original y de la boleta o factura que se entrega al momento de la compra, las \u00f3rdenes de compra impresas no son v\u00e1lidas como documento.<\/span><\/span><\/span><\/span><\/li>\n<li><span style=\"vertical-align: inherit;\"><span style=\"vertical-align: inherit;\"><span style=\"vertical-align: inherit;\"><span style=\"vertical-align: inherit;\">Las devoluciones de dinero depender\u00e1n del medio de pago utilizado al momento de realizar la compra, si cancel\u00f3 con d\u00e9bito se le realizar\u00e1 una transferencia bancaria, si pag\u00f3 con cr\u00e9dito se le realizar\u00e1 una anulaci\u00f3n sobre su tarjeta.<\/span><\/span><\/span><\/span><\/li>\n<\/ul>\n<p><span style=\"vertical-align: inherit;\"><span style=\"vertical-align: inherit;\"><span style=\"vertical-align: inherit;\"><span style=\"vertical-align: inherit;\">En caso de cualquier duda o consulta con respecto al contenido de esta Pol\u00edtica de Privacidad, as\u00ed como para ejercer los derechos que le otorga la LPD, usted podr\u00e1 comunicarse al siguiente punto de contacto:<\/span><\/span><\/span><\/span><\/p>\n<p style=\"text-align: left;\"><strong><span style=\"vertical-align: inherit;\"><span class=\"\" style=\"vertical-align: inherit;\"><span style=\"vertical-align: inherit;\"><span style=\"vertical-align: inherit;\">WHATSAPP:\u00a0 <\/span><\/span><\/span><\/span><\/strong><a href=\"https:\/\/wa.me\/56985112720\"><span style=\"vertical-align: inherit;\"><span class=\"\" style=\"vertical-align: inherit;\"><span style=\"vertical-align: inherit;\"><span style=\"vertical-align: inherit;\">+56 985112720<\/span><\/span><\/span><\/span><\/a><\/p>\n<p style=\"text-align: left;\"><strong><span style=\"vertical-align: inherit;\"><span class=\"\" style=\"vertical-align: inherit;\"><span style=\"vertical-align: inherit;\"><span style=\"vertical-align: inherit;\">LLAMADAS:<\/span><\/span><\/span><\/span><\/strong><span style=\"vertical-align: inherit;\"><span class=\"\" style=\"vertical-align: inherit;\"><a href=\"tel:+56998552515\"><span style=\"vertical-align: inherit;\"><span style=\"vertical-align: inherit;\"> +56 998552515<\/span><\/span><\/a><span style=\"vertical-align: inherit;\"><span style=\"vertical-align: inherit;\"> &#8211; <\/span><\/span><a href=\"tel:+56959575432\"><span style=\"vertical-align: inherit;\"><span style=\"vertical-align: inherit;\">+56 959575432<\/span><\/span><\/a><\/span><\/span><\/p>\n<p style=\"text-align: left;\"><strong><span style=\"vertical-align: inherit;\"><span style=\"vertical-align: inherit;\">CORREO ELECTRONICO: <\/span><\/span><\/strong><a href=\"mailto:ventaspaginawebkamiana@gmail.com\"><span style=\"vertical-align: inherit;\"><span style=\"vertical-align: inherit;\">ventaspaginawebkamiana@gmail.com<\/span><\/span><\/a><\/p>\n<p>&nbsp;<\/p>\n<p style=\"text-align: center;\"><strong><span style=\"vertical-align: inherit;\"><span style=\"vertical-align: inherit;\">PRECIOS Y MONEDA<\/span><\/span><\/strong><\/p>\n<p><span style=\"vertical-align: inherit;\"><span style=\"vertical-align: inherit;\">Todos los precios publicados en nuestra p\u00e1gina web est\u00e1n indicados en ($) pesos chilenos e incluyen el impuesto al valor agregado (IVA).<\/span><\/span><\/p>\n<p>&nbsp;<\/p>\n<\/div><\/div><\/div><\/div><\/div><\/div><\/div><\/section>\n","protected":false},"excerpt":{"rendered":"POL\u00cdTICAS DE PRIVACIDAD De acuerdo con la Ley N\u00b019.628 (Ley de Protecci\u00f3n de la Vida Privada, en adelante, \u201cLPD\u201d), son datos personales los relativos a cualquier informaci\u00f3n concerniente a personas naturales, identificadas o identificables (en adelante, Datos Personales). Al aceptar esta Pol\u00edtica nos autoriza a tratar sus datos personales en concordancia con ella. Se encuentra...","protected":false},"author":7,"featured_media":0,"parent":0,"menu_order":0,"comment_status":"closed","ping_status":"closed","template":"","meta":{"_acf_changed":false,"footnotes":""},"class_list":["post-9380","page","type-page","status-publish","hentry"],"acf":[],"_links":{"self":[{"href":"https:\/\/inversol.cl\/index.php\/wp-json\/wp\/v2\/pages\/9380","targetHints":{"allow":["GET"]}}],"collection":[{"href":"https:\/\/inversol.cl\/index.php\/wp-json\/wp\/v2\/pages"}],"about":[{"href":"https:\/\/inversol.cl\/index.php\/wp-json\/wp\/v2\/types\/page"}],"author":[{"embeddable":true,"href":"https:\/\/inversol.cl\/index.php\/wp-json\/wp\/v2\/users\/7"}],"replies":[{"embeddable":true,"href":"https:\/\/inversol.cl\/index.php\/wp-json\/wp\/v2\/comments?post=9380"}],"version-history":[{"count":20,"href":"https:\/\/inversol.cl\/index.php\/wp-json\/wp\/v2\/pages\/9380\/revisions"}],"predecessor-version":[{"id":17450,"href":"https:\/\/inversol.cl\/index.php\/wp-json\/wp\/v2\/pages\/9380\/revisions\/17450"}],"wp:attachment":[{"href":"https:\/\/inversol.cl\/index.php\/wp-json\/wp\/v2\/media?parent=9380"}],"curies":[{"name":"wp","href":"https:\/\/api.w.org\/{rel}","templated":true}]}}