{"id":19518,"date":"2024-04-26T16:50:55","date_gmt":"2024-04-26T20:50:55","guid":{"rendered":"https:\/\/inversol.cl\/?post_type=product&#038;p=19518"},"modified":"2025-02-10T14:28:19","modified_gmt":"2025-02-10T17:28:19","slug":"exs-135-5mm","status":"publish","type":"product","link":"https:\/\/inversol.cl\/index.php\/producto\/exs-135-5mm\/","title":{"rendered":"Enzunchadora Autom\u00e1tica Alta Velocidad Extend EXS-135"},"content":{"rendered":"<p>Enzunchadora autom\u00e1tica de Alta Velocidad Extend EXS-158-PLUS cuenta con panel rotatorio, puede realizar hasta 60 ciclos por minuto, enhebrado autom\u00e1tico, Auto Looping, Sensor de bulto, Sensor en mes\u00f3n, Ajuste de tensi\u00f3n electr\u00f3nica en panel , Cuenta con compartimiento porta rollo interno, sistema JOG para mantenciones y no utiliza cadena, correas ni embrague. Acceso f\u00e1cil a la Gu\u00eda de enhebrado, altura ajustable de 832mm a 962mm.<\/p>\n","protected":false},"excerpt":{"rendered":"<p>Enzunchadora autom\u00e1tica de Alta Velocidad Extend EXS-158-PLUS cuenta con panel rotatorio, puede realizar hasta 60 ciclos por minuto, enhebrado autom\u00e1tico, Auto Looping, Sensor de bulto, Sensor en mes\u00f3n, Ajuste de tensi\u00f3n electr\u00f3nica en panel , Cuenta con compartimiento porta rollo interno, sistema JOG para mantenciones y no utiliza cadena, correas ni embrague. Acceso f\u00e1cil a&#8230;<\/p>\n","protected":false},"featured_media":19519,"template":"","meta":{"_acf_changed":false},"product_cat":[1709,1727],"product_tag":[],"class_list":{"0":"post-19518","1":"product","2":"type-product","3":"status-publish","4":"has-post-thumbnail","6":"product_cat-enzunchadoras","7":"product_cat-novedades","9":"first","10":"instock","11":"shipping-taxable","12":"product-type-simple"},"acf":[],"_links":{"self":[{"href":"https:\/\/inversol.cl\/index.php\/wp-json\/wp\/v2\/product\/19518","targetHints":{"allow":["GET"]}}],"collection":[{"href":"https:\/\/inversol.cl\/index.php\/wp-json\/wp\/v2\/product"}],"about":[{"href":"https:\/\/inversol.cl\/index.php\/wp-json\/wp\/v2\/types\/product"}],"wp:featuredmedia":[{"embeddable":true,"href":"https:\/\/inversol.cl\/index.php\/wp-json\/wp\/v2\/media\/19519"}],"wp:attachment":[{"href":"https:\/\/inversol.cl\/index.php\/wp-json\/wp\/v2\/media?parent=19518"}],"wp:term":[{"taxonomy":"product_cat","embeddable":true,"href":"https:\/\/inversol.cl\/index.php\/wp-json\/wp\/v2\/product_cat?post=19518"},{"taxonomy":"product_tag","embeddable":true,"href":"https:\/\/inversol.cl\/index.php\/wp-json\/wp\/v2\/product_tag?post=19518"}],"curies":[{"name":"wp","href":"https:\/\/api.w.org\/{rel}","templated":true}]}}