{"id":19527,"date":"2024-04-26T16:55:42","date_gmt":"2024-04-26T20:55:42","guid":{"rendered":"https:\/\/inversol.cl\/?post_type=product&#038;p=19527"},"modified":"2025-02-10T14:33:54","modified_gmt":"2025-02-10T17:33:54","slug":"kronos-46a","status":"publish","type":"product","link":"https:\/\/inversol.cl\/index.php\/producto\/kronos-46a\/","title":{"rendered":"Enzunchadora a Bater\u00eda Kronos H-46A-12"},"content":{"rendered":"<p>Enzunchadora de clase mundial a Bater\u00eda con ajustes variables, con un alto rango de Tensi\u00f3n y con la capacidad de utilizar Zunchos de PET o de PP, dise\u00f1ada para prestar variadas aplicaciones en todo tipo de Industrias y Empresas. Kronos H46 entrega la mas alta productividad y rendimiento para alcanzar las necesidades en Embalaje del cliente cuenta con sistema de sellado por fricci\u00f3n de alta tecnolog\u00eda asegurando as\u00ed alta eficiencia al momento de sellar, no requiere ning\u00fan tipo de ajustes al usar distinto tipo de Zunchos, ya que posee una funci\u00f3n autom\u00e1tica de enfriamiento dependiendo de la Tensi\u00f3n seleccionada. Cuenta con motor de tecnolog\u00eda Alemana con lo cual se asegura exactitud y confianza, de muy baja mantenci\u00f3n. Su cuerpo robusto y el material del cual esta fabricada provee alta resistencia a ca\u00eddas o impactos.<\/p>\n<p>\u2022 Incluye Cargador y Bater\u00eda, Bater\u00eda Adicional se vende por separado.<\/p>\n","protected":false},"excerpt":{"rendered":"<p>Enzunchadora de clase mundial a Bater\u00eda con ajustes variables, con un alto rango de Tensi\u00f3n y con la capacidad de utilizar Zunchos de PET o de PP, dise\u00f1ada para prestar variadas aplicaciones en todo tipo de Industrias y Empresas. Kronos H46 entrega la mas alta productividad y rendimiento para alcanzar las necesidades en Embalaje del&#8230;<\/p>\n","protected":false},"featured_media":19528,"template":"","meta":{"_acf_changed":false},"product_cat":[1709,1727],"product_tag":[],"class_list":{"0":"post-19527","1":"product","2":"type-product","3":"status-publish","4":"has-post-thumbnail","6":"product_cat-enzunchadoras","7":"product_cat-novedades","9":"first","10":"instock","11":"shipping-taxable","12":"product-type-simple"},"acf":[],"_links":{"self":[{"href":"https:\/\/inversol.cl\/index.php\/wp-json\/wp\/v2\/product\/19527","targetHints":{"allow":["GET"]}}],"collection":[{"href":"https:\/\/inversol.cl\/index.php\/wp-json\/wp\/v2\/product"}],"about":[{"href":"https:\/\/inversol.cl\/index.php\/wp-json\/wp\/v2\/types\/product"}],"wp:featuredmedia":[{"embeddable":true,"href":"https:\/\/inversol.cl\/index.php\/wp-json\/wp\/v2\/media\/19528"}],"wp:attachment":[{"href":"https:\/\/inversol.cl\/index.php\/wp-json\/wp\/v2\/media?parent=19527"}],"wp:term":[{"taxonomy":"product_cat","embeddable":true,"href":"https:\/\/inversol.cl\/index.php\/wp-json\/wp\/v2\/product_cat?post=19527"},{"taxonomy":"product_tag","embeddable":true,"href":"https:\/\/inversol.cl\/index.php\/wp-json\/wp\/v2\/product_tag?post=19527"}],"curies":[{"name":"wp","href":"https:\/\/api.w.org\/{rel}","templated":true}]}}