{"id":19533,"date":"2024-04-26T16:57:38","date_gmt":"2024-04-26T20:57:38","guid":{"rendered":"https:\/\/inversol.cl\/?post_type=product&#038;p=19533"},"modified":"2025-02-10T14:36:50","modified_gmt":"2025-02-10T17:36:50","slug":"kz-8060d","status":"publish","type":"product","link":"https:\/\/inversol.cl\/index.php\/producto\/kz-8060d\/","title":{"rendered":"Enzunchadora Autom\u00e1tica KZ-8060D (380V)"},"content":{"rendered":"<p>Equipo de f\u00e1cil instalaci\u00f3n, cuenta con PLC manteniendo un voltaje correcto y una excelente operaci\u00f3n sin importar el estado de la fuente de poder.<\/p>\n<p>Reduciendo dr\u00e1sticamente las mantenciones y la frecuencia de reparaciones. Se puede operar mediante Pedal, Bot\u00f3n de Inicio Manual o sensor de paso en la Base del Mes\u00f3n.<\/p>\n<p>El Cabezal sellador cuenta con un nuevo dise\u00f1o con el cual se evita la distorsi\u00f3n de sellado y probables cortocircuitos.<\/p>\n","protected":false},"excerpt":{"rendered":"<p>Equipo de f\u00e1cil instalaci\u00f3n, cuenta con PLC manteniendo un voltaje correcto y una excelente operaci\u00f3n sin importar el estado de la fuente de poder. Reduciendo dr\u00e1sticamente las mantenciones y la frecuencia de reparaciones. Se puede operar mediante Pedal, Bot\u00f3n de Inicio Manual o sensor de paso en la Base del Mes\u00f3n. El Cabezal sellador cuenta&#8230;<\/p>\n","protected":false},"featured_media":19534,"template":"","meta":{"_acf_changed":false},"product_cat":[1709],"product_tag":[],"class_list":{"0":"post-19533","1":"product","2":"type-product","3":"status-publish","4":"has-post-thumbnail","6":"product_cat-enzunchadoras","8":"first","9":"instock","10":"shipping-taxable","11":"product-type-simple"},"acf":[],"_links":{"self":[{"href":"https:\/\/inversol.cl\/index.php\/wp-json\/wp\/v2\/product\/19533","targetHints":{"allow":["GET"]}}],"collection":[{"href":"https:\/\/inversol.cl\/index.php\/wp-json\/wp\/v2\/product"}],"about":[{"href":"https:\/\/inversol.cl\/index.php\/wp-json\/wp\/v2\/types\/product"}],"wp:featuredmedia":[{"embeddable":true,"href":"https:\/\/inversol.cl\/index.php\/wp-json\/wp\/v2\/media\/19534"}],"wp:attachment":[{"href":"https:\/\/inversol.cl\/index.php\/wp-json\/wp\/v2\/media?parent=19533"}],"wp:term":[{"taxonomy":"product_cat","embeddable":true,"href":"https:\/\/inversol.cl\/index.php\/wp-json\/wp\/v2\/product_cat?post=19533"},{"taxonomy":"product_tag","embeddable":true,"href":"https:\/\/inversol.cl\/index.php\/wp-json\/wp\/v2\/product_tag?post=19533"}],"curies":[{"name":"wp","href":"https:\/\/api.w.org\/{rel}","templated":true}]}}