{"id":19539,"date":"2024-04-26T16:59:29","date_gmt":"2024-04-26T20:59:29","guid":{"rendered":"https:\/\/inversol.cl\/?post_type=product&#038;p=19539"},"modified":"2025-02-10T14:45:00","modified_gmt":"2025-02-10T17:45:00","slug":"sunpck-q6000-5-mm","status":"publish","type":"product","link":"https:\/\/inversol.cl\/index.php\/producto\/sunpck-q6000-5-mm\/","title":{"rendered":"Enzunchadora Autom\u00e1tica Alta Velocidad Q6000 5mm"},"content":{"rendered":"<p>Enzunchadora Autom\u00e1tica de Alta Velocidad con Capacidad para 60 procesos por minuto, Dise\u00f1o estructura solida, construida para operar 24 horas continuas, Cuenta con un sistema de f\u00e1cil recambio de Rollo, El zuncho es expulsado de modo Autom\u00e1tico y se retroalimenta, Especialmente dise\u00f1ada o para uso de Zuncho de 5mm. Sistema de tensi\u00f3n muy simpe incorporado al panel. Motores incorporados Dunker Germany DC 24V.<\/p>\n","protected":false},"excerpt":{"rendered":"<p>Enzunchadora Autom\u00e1tica de Alta Velocidad con Capacidad para 60 procesos por minuto, Dise\u00f1o estructura solida, construida para operar 24 horas continuas, Cuenta con un sistema de f\u00e1cil recambio de Rollo, El zuncho es expulsado de modo Autom\u00e1tico y se retroalimenta, Especialmente dise\u00f1ada o para uso de Zuncho de 5mm. Sistema de tensi\u00f3n muy simpe incorporado&#8230;<\/p>\n","protected":false},"featured_media":19540,"template":"","meta":{"_acf_changed":false},"product_cat":[1709],"product_tag":[],"class_list":{"0":"post-19539","1":"product","2":"type-product","3":"status-publish","4":"has-post-thumbnail","6":"product_cat-enzunchadoras","8":"first","9":"instock","10":"shipping-taxable","11":"product-type-simple"},"acf":[],"_links":{"self":[{"href":"https:\/\/inversol.cl\/index.php\/wp-json\/wp\/v2\/product\/19539","targetHints":{"allow":["GET"]}}],"collection":[{"href":"https:\/\/inversol.cl\/index.php\/wp-json\/wp\/v2\/product"}],"about":[{"href":"https:\/\/inversol.cl\/index.php\/wp-json\/wp\/v2\/types\/product"}],"wp:featuredmedia":[{"embeddable":true,"href":"https:\/\/inversol.cl\/index.php\/wp-json\/wp\/v2\/media\/19540"}],"wp:attachment":[{"href":"https:\/\/inversol.cl\/index.php\/wp-json\/wp\/v2\/media?parent=19539"}],"wp:term":[{"taxonomy":"product_cat","embeddable":true,"href":"https:\/\/inversol.cl\/index.php\/wp-json\/wp\/v2\/product_cat?post=19539"},{"taxonomy":"product_tag","embeddable":true,"href":"https:\/\/inversol.cl\/index.php\/wp-json\/wp\/v2\/product_tag?post=19539"}],"curies":[{"name":"wp","href":"https:\/\/api.w.org\/{rel}","templated":true}]}}