{"id":19579,"date":"2024-04-26T17:27:10","date_gmt":"2024-04-26T21:27:10","guid":{"rendered":"https:\/\/inversol.cl\/?post_type=product&#038;p=19579"},"modified":"2025-02-10T15:27:33","modified_gmt":"2025-02-10T18:27:33","slug":"envolvedora-extend-tmd-p46","status":"publish","type":"product","link":"https:\/\/inversol.cl\/index.php\/producto\/envolvedora-extend-tmd-p46\/","title":{"rendered":"Envolvedora Para Pallet Extend TMD-P46P"},"content":{"rendered":"<p><strong>Caracter\u00edsticas Principales<\/strong><\/p>\n<ul>\n<li>Panel de Control con Pantalla T\u00e1ctil LCD<\/li>\n<li>300% Pre estirado<\/li>\n<li>Detecci\u00f3n de altura con Foto sensor<\/li>\n<li>Dispositivo anti ca\u00edda del Carro Porta rollo<\/li>\n<li>Panel de Control protegido por Contrase\u00f1a<\/li>\n<li>Tensi\u00f3n de Envoltura ajustable (5 fases)<\/li>\n<li>Velocidades ajustables de Tornamesa y Carro porta rollo<\/li>\n<li>Modo Manual y Auto<\/li>\n<li>Partida y Detenci\u00f3n con Rampa de Aceleraci\u00f3n<\/li>\n<\/ul>\n","protected":false},"excerpt":{"rendered":"<p>Caracter\u00edsticas Principales Panel de Control con Pantalla T\u00e1ctil LCD 300% Pre estirado Detecci\u00f3n de altura con Foto sensor Dispositivo anti ca\u00edda del Carro Porta rollo Panel de Control protegido por Contrase\u00f1a Tensi\u00f3n de Envoltura ajustable (5 fases) Velocidades ajustables de Tornamesa y Carro porta rollo Modo Manual y Auto Partida y Detenci\u00f3n con Rampa de&#8230;<\/p>\n","protected":false},"featured_media":19581,"template":"","meta":{"_acf_changed":false},"product_cat":[1715],"product_tag":[],"class_list":{"0":"post-19579","1":"product","2":"type-product","3":"status-publish","4":"has-post-thumbnail","6":"product_cat-paletizadoras","8":"first","9":"instock","10":"shipping-taxable","11":"product-type-simple"},"acf":[],"_links":{"self":[{"href":"https:\/\/inversol.cl\/index.php\/wp-json\/wp\/v2\/product\/19579","targetHints":{"allow":["GET"]}}],"collection":[{"href":"https:\/\/inversol.cl\/index.php\/wp-json\/wp\/v2\/product"}],"about":[{"href":"https:\/\/inversol.cl\/index.php\/wp-json\/wp\/v2\/types\/product"}],"wp:featuredmedia":[{"embeddable":true,"href":"https:\/\/inversol.cl\/index.php\/wp-json\/wp\/v2\/media\/19581"}],"wp:attachment":[{"href":"https:\/\/inversol.cl\/index.php\/wp-json\/wp\/v2\/media?parent=19579"}],"wp:term":[{"taxonomy":"product_cat","embeddable":true,"href":"https:\/\/inversol.cl\/index.php\/wp-json\/wp\/v2\/product_cat?post=19579"},{"taxonomy":"product_tag","embeddable":true,"href":"https:\/\/inversol.cl\/index.php\/wp-json\/wp\/v2\/product_tag?post=19579"}],"curies":[{"name":"wp","href":"https:\/\/api.w.org\/{rel}","templated":true}]}}