{"id":19583,"date":"2024-04-26T17:29:51","date_gmt":"2024-04-26T21:29:51","guid":{"rendered":"https:\/\/inversol.cl\/?post_type=product&#038;p=19583"},"modified":"2025-02-10T15:25:27","modified_gmt":"2025-02-10T18:25:27","slug":"xt4505-3-top-press-26mts","status":"publish","type":"product","link":"https:\/\/inversol.cl\/index.php\/producto\/xt4505-3-top-press-26mts\/","title":{"rendered":"Envolvedora de Pallets Top Press XT 4505-LL 2,6Mts"},"content":{"rendered":"<p>Palletizadora robusta con sistema de fijaci\u00f3n superior para envolver pallets livianos con capacidad de carga de 1,5 TONS, cuenta con sistema de Carro con Pre estiro de 250% , hasta 5 programas, cuenta con funci\u00f3n manual y sistema de enhebrado R\u00e1pido, Altura Envoltura M\u00e1xima 2600mm.<\/p>\n","protected":false},"excerpt":{"rendered":"<p>Palletizadora robusta con sistema de fijaci\u00f3n superior para envolver pallets livianos con capacidad de carga de 1,5 TONS, cuenta con sistema de Carro con Pre estiro de 250% , hasta 5 programas, cuenta con funci\u00f3n manual y sistema de enhebrado R\u00e1pido, Altura Envoltura M\u00e1xima 2600mm.<\/p>\n","protected":false},"featured_media":19584,"template":"","meta":{"_acf_changed":false},"product_cat":[1715],"product_tag":[],"class_list":{"0":"post-19583","1":"product","2":"type-product","3":"status-publish","4":"has-post-thumbnail","6":"product_cat-paletizadoras","8":"first","9":"instock","10":"shipping-taxable","11":"product-type-simple"},"acf":[],"_links":{"self":[{"href":"https:\/\/inversol.cl\/index.php\/wp-json\/wp\/v2\/product\/19583","targetHints":{"allow":["GET"]}}],"collection":[{"href":"https:\/\/inversol.cl\/index.php\/wp-json\/wp\/v2\/product"}],"about":[{"href":"https:\/\/inversol.cl\/index.php\/wp-json\/wp\/v2\/types\/product"}],"wp:featuredmedia":[{"embeddable":true,"href":"https:\/\/inversol.cl\/index.php\/wp-json\/wp\/v2\/media\/19584"}],"wp:attachment":[{"href":"https:\/\/inversol.cl\/index.php\/wp-json\/wp\/v2\/media?parent=19583"}],"wp:term":[{"taxonomy":"product_cat","embeddable":true,"href":"https:\/\/inversol.cl\/index.php\/wp-json\/wp\/v2\/product_cat?post=19583"},{"taxonomy":"product_tag","embeddable":true,"href":"https:\/\/inversol.cl\/index.php\/wp-json\/wp\/v2\/product_tag?post=19583"}],"curies":[{"name":"wp","href":"https:\/\/api.w.org\/{rel}","templated":true}]}}