{"id":19645,"date":"2024-05-17T16:13:05","date_gmt":"2024-05-17T20:13:05","guid":{"rendered":"https:\/\/inversol.cl\/?post_type=product&#038;p=19645"},"modified":"2025-02-10T15:13:55","modified_gmt":"2025-02-10T18:13:55","slug":"robot-exp-630-plus-1200-x-1200","status":"publish","type":"product","link":"https:\/\/inversol.cl\/index.php\/producto\/robot-exp-630-plus-1200-x-1200\/","title":{"rendered":"Robot Palletizador Extend EXP-630 PLUS"},"content":{"rendered":"<p>Robot Palletizador Extend EXP630 PLUS, Cuenta con Panel Touch Screen y el pre estiro Puede ser regulado f\u00e1cilmente de 230% a 300% de enhebrado muy simple, con corte Autom\u00e1tico del Film, vueltas inferiores y superiores pueden ser ajustadas desde el panel Tambi\u00e9n pueden ser ajustadas las velocidades de la rueda rotatoria gu\u00eda y del carro. Puede utilizar password de acceso al panel de control, cuenta con sensor de altura.<\/p>\n","protected":false},"excerpt":{"rendered":"<p>Robot Palletizador Extend EXP630 PLUS, Cuenta con Panel Touch Screen y el pre estiro Puede ser regulado f\u00e1cilmente de 230% a 300% de enhebrado muy simple, con corte Autom\u00e1tico del Film, vueltas inferiores y superiores pueden ser ajustadas desde el panel Tambi\u00e9n pueden ser ajustadas las velocidades de la rueda rotatoria gu\u00eda y del carro&#8230;.<\/p>\n","protected":false},"featured_media":19646,"template":"","meta":{"_acf_changed":false},"product_cat":[1727,1715],"product_tag":[],"class_list":{"0":"post-19645","1":"product","2":"type-product","3":"status-publish","4":"has-post-thumbnail","6":"product_cat-novedades","7":"product_cat-paletizadoras","9":"first","10":"instock","11":"shipping-taxable","12":"product-type-simple"},"acf":[],"_links":{"self":[{"href":"https:\/\/inversol.cl\/index.php\/wp-json\/wp\/v2\/product\/19645","targetHints":{"allow":["GET"]}}],"collection":[{"href":"https:\/\/inversol.cl\/index.php\/wp-json\/wp\/v2\/product"}],"about":[{"href":"https:\/\/inversol.cl\/index.php\/wp-json\/wp\/v2\/types\/product"}],"wp:featuredmedia":[{"embeddable":true,"href":"https:\/\/inversol.cl\/index.php\/wp-json\/wp\/v2\/media\/19646"}],"wp:attachment":[{"href":"https:\/\/inversol.cl\/index.php\/wp-json\/wp\/v2\/media?parent=19645"}],"wp:term":[{"taxonomy":"product_cat","embeddable":true,"href":"https:\/\/inversol.cl\/index.php\/wp-json\/wp\/v2\/product_cat?post=19645"},{"taxonomy":"product_tag","embeddable":true,"href":"https:\/\/inversol.cl\/index.php\/wp-json\/wp\/v2\/product_tag?post=19645"}],"curies":[{"name":"wp","href":"https:\/\/api.w.org\/{rel}","templated":true}]}}