{"id":60319,"date":"2025-02-07T14:44:11","date_gmt":"2025-02-07T17:44:11","guid":{"rendered":"https:\/\/inversol.cl\/?post_type=product&#038;p=60319"},"modified":"2025-02-10T11:53:23","modified_gmt":"2025-02-10T14:53:23","slug":"herramienta-combinada-sl200","status":"publish","type":"product","link":"https:\/\/inversol.cl\/index.php\/producto\/herramienta-combinada-sl200\/","title":{"rendered":"Herramienta Combinada SL200"},"content":{"rendered":"<p><strong>Caracter\u00edsticas<\/strong><br \/>\nEquipo manufacturado en aleaci\u00f3n de Aluminio, dise\u00f1ada para aplicaci\u00f3n sobre superficies planas.<br \/>\nTriple Funci\u00f3n: Tensi\u00f3n, Sellado y Corte.<br \/>\nHerramienta utilizable en variados rubros, Aceros, Industrias Cer\u00e1micas, Molduras, etc.<\/p>\n<p><strong>Dimensiones<\/strong>: 12.7-20.0 mm * 0.38-0.58 mm<br \/>\n<strong>Peso<\/strong> : 3.9kg<br \/>\n<strong>Modo de uso<\/strong> : Manual<br \/>\n<strong>Sistema de Sellado<\/strong>: Yin and yang<\/p>\n","protected":false},"excerpt":{"rendered":"<p>Caracter\u00edsticas Equipo manufacturado en aleaci\u00f3n de Aluminio, dise\u00f1ada para aplicaci\u00f3n sobre superficies planas. Triple Funci\u00f3n: Tensi\u00f3n, Sellado y Corte. Herramienta utilizable en variados rubros, Aceros, Industrias Cer\u00e1micas, Molduras, etc. Dimensiones: 12.7-20.0 mm * 0.38-0.58 mm Peso : 3.9kg Modo de uso : Manual Sistema de Sellado: Yin and yang<\/p>\n","protected":false},"featured_media":60323,"template":"","meta":{"_acf_changed":false},"product_cat":[1673],"product_tag":[],"class_list":{"0":"post-60319","1":"product","2":"type-product","3":"status-publish","4":"has-post-thumbnail","6":"product_cat-accesorios-semi","8":"first","9":"instock","10":"shipping-taxable","11":"product-type-simple"},"acf":[],"_links":{"self":[{"href":"https:\/\/inversol.cl\/index.php\/wp-json\/wp\/v2\/product\/60319","targetHints":{"allow":["GET"]}}],"collection":[{"href":"https:\/\/inversol.cl\/index.php\/wp-json\/wp\/v2\/product"}],"about":[{"href":"https:\/\/inversol.cl\/index.php\/wp-json\/wp\/v2\/types\/product"}],"wp:featuredmedia":[{"embeddable":true,"href":"https:\/\/inversol.cl\/index.php\/wp-json\/wp\/v2\/media\/60323"}],"wp:attachment":[{"href":"https:\/\/inversol.cl\/index.php\/wp-json\/wp\/v2\/media?parent=60319"}],"wp:term":[{"taxonomy":"product_cat","embeddable":true,"href":"https:\/\/inversol.cl\/index.php\/wp-json\/wp\/v2\/product_cat?post=60319"},{"taxonomy":"product_tag","embeddable":true,"href":"https:\/\/inversol.cl\/index.php\/wp-json\/wp\/v2\/product_tag?post=60319"}],"curies":[{"name":"wp","href":"https:\/\/api.w.org\/{rel}","templated":true}]}}