{"id":60362,"date":"2025-02-10T13:29:37","date_gmt":"2025-02-10T16:29:37","guid":{"rendered":"https:\/\/inversol.cl\/?post_type=product&#038;p=60362"},"modified":"2025-02-10T13:29:37","modified_gmt":"2025-02-10T16:29:37","slug":"dispensador-t291-ah48-mm-ybico","status":"publish","type":"product","link":"https:\/\/inversol.cl\/index.php\/producto\/dispensador-t291-ah48-mm-ybico\/","title":{"rendered":"Dispensador T291 AH48 MM Ybico"},"content":{"rendered":"<p>El dispensador YBICO 521 AH cuenta con todas las caracter\u00edsticas que definen la buena Calidad de un dispensador. Su mango ergonom\u00e9trico permite el uso continuo por un largo periodo sin provocar fatiga al operador. Adem\u00e1s de eso el rodillo de goma le da firmeza y presi\u00f3n suficiente para aplicar la cinta sobre el cart\u00f3n. La tensi\u00f3n del rodillo se ajusta desde el tornillo calibrando a la tensi\u00f3n deseada. Otro factor importante es la Cuchilla, todas las cuchillas est\u00e1n fabricadas en acero de excelente calidad bajo proceso de endurecimiento.<\/p>\n<p>Estas cuchillas est\u00e1n dise\u00f1adas con filos profundos con lo cual permite cortar f\u00e1cilmente todo tipo de cinta en el mercado. Este modelo cuenta con Cuchilla Retr\u00e1ctil evitando as\u00ed cualquier tipo de da\u00f1o al operario. Ancho \u00datil 48mm.<\/p>\n","protected":false},"excerpt":{"rendered":"<p>El dispensador YBICO 521 AH cuenta con todas las caracter\u00edsticas que definen la buena Calidad de un dispensador. Su mango ergonom\u00e9trico permite el uso continuo por un largo periodo sin provocar fatiga al operador. Adem\u00e1s de eso el rodillo de goma le da firmeza y presi\u00f3n suficiente para aplicar la cinta sobre el cart\u00f3n. La&#8230;<\/p>\n","protected":false},"featured_media":60363,"template":"","meta":{"_acf_changed":false},"product_cat":[1702,1804],"product_tag":[],"class_list":{"0":"post-60362","1":"product","2":"type-product","3":"status-publish","4":"has-post-thumbnail","6":"product_cat-cintas","7":"product_cat-dispensadores-para-cinta","9":"first","10":"instock","11":"shipping-taxable","12":"product-type-simple"},"acf":[],"_links":{"self":[{"href":"https:\/\/inversol.cl\/index.php\/wp-json\/wp\/v2\/product\/60362","targetHints":{"allow":["GET"]}}],"collection":[{"href":"https:\/\/inversol.cl\/index.php\/wp-json\/wp\/v2\/product"}],"about":[{"href":"https:\/\/inversol.cl\/index.php\/wp-json\/wp\/v2\/types\/product"}],"wp:featuredmedia":[{"embeddable":true,"href":"https:\/\/inversol.cl\/index.php\/wp-json\/wp\/v2\/media\/60363"}],"wp:attachment":[{"href":"https:\/\/inversol.cl\/index.php\/wp-json\/wp\/v2\/media?parent=60362"}],"wp:term":[{"taxonomy":"product_cat","embeddable":true,"href":"https:\/\/inversol.cl\/index.php\/wp-json\/wp\/v2\/product_cat?post=60362"},{"taxonomy":"product_tag","embeddable":true,"href":"https:\/\/inversol.cl\/index.php\/wp-json\/wp\/v2\/product_tag?post=60362"}],"curies":[{"name":"wp","href":"https:\/\/api.w.org\/{rel}","templated":true}]}}