{"id":60446,"date":"2025-02-10T16:51:18","date_gmt":"2025-02-10T19:51:18","guid":{"rendered":"https:\/\/inversol.cl\/?post_type=product&#038;p=60446"},"modified":"2025-02-10T16:55:05","modified_gmt":"2025-02-10T19:55:05","slug":"dispensador-film-pvc-manual-uk450","status":"publish","type":"product","link":"https:\/\/inversol.cl\/index.php\/producto\/dispensador-film-pvc-manual-uk450\/","title":{"rendered":"Dispensador Film Pvc Manual UK450"},"content":{"rendered":"<p>Dispensador dise\u00f1ado para Aplicar Film de PVC ya sea como envoltura o relleno, puede ser utilizado en la industria Hotelera, Restaurantes, Locales de Comida, Uso Casero, Etc. Esta Fabricado en Acero Inoxidable lo cual lo hace mas durable y resistente a la corrosi\u00f3n. El dise\u00f1o permite que al estar el rollo protegido no quede expuesto al polvo y cuya bandeja permite operar f\u00e1cilmente por ser espaciosa y plana.<\/p>\n<p><strong>ESPECIFICACIONES<\/strong><\/p>\n<ul>\n<li>USO MANUAL<\/li>\n<li>MATERIALES: PAPEL Y PLASTICOS<\/li>\n<li>ARMAZON ACERO INXIDABLE<\/li>\n<li>PESO 3,5 KGS.<\/li>\n<li>ANCHO MAXIMO 450MM<\/li>\n<\/ul>\n","protected":false},"excerpt":{"rendered":"<p>Dispensador dise\u00f1ado para Aplicar Film de PVC ya sea como envoltura o relleno, puede ser utilizado en la industria Hotelera, Restaurantes, Locales de Comida, Uso Casero, Etc. Esta Fabricado en Acero Inoxidable lo cual lo hace mas durable y resistente a la corrosi\u00f3n. El dise\u00f1o permite que al estar el rollo protegido no quede expuesto&#8230;<\/p>\n","protected":false},"featured_media":60447,"template":"","meta":{"_acf_changed":false},"product_cat":[1718,1809],"product_tag":[],"class_list":{"0":"post-60446","1":"product","2":"type-product","3":"status-publish","4":"has-post-thumbnail","6":"product_cat-film","7":"product_cat-pvc","9":"first","10":"instock","11":"shipping-taxable","12":"product-type-simple"},"acf":[],"_links":{"self":[{"href":"https:\/\/inversol.cl\/index.php\/wp-json\/wp\/v2\/product\/60446","targetHints":{"allow":["GET"]}}],"collection":[{"href":"https:\/\/inversol.cl\/index.php\/wp-json\/wp\/v2\/product"}],"about":[{"href":"https:\/\/inversol.cl\/index.php\/wp-json\/wp\/v2\/types\/product"}],"wp:featuredmedia":[{"embeddable":true,"href":"https:\/\/inversol.cl\/index.php\/wp-json\/wp\/v2\/media\/60447"}],"wp:attachment":[{"href":"https:\/\/inversol.cl\/index.php\/wp-json\/wp\/v2\/media?parent=60446"}],"wp:term":[{"taxonomy":"product_cat","embeddable":true,"href":"https:\/\/inversol.cl\/index.php\/wp-json\/wp\/v2\/product_cat?post=60446"},{"taxonomy":"product_tag","embeddable":true,"href":"https:\/\/inversol.cl\/index.php\/wp-json\/wp\/v2\/product_tag?post=60446"}],"curies":[{"name":"wp","href":"https:\/\/api.w.org\/{rel}","templated":true}]}}