{"id":60457,"date":"2025-02-10T17:05:45","date_gmt":"2025-02-10T20:05:45","guid":{"rendered":"https:\/\/inversol.cl\/?post_type=product&#038;p=60457"},"modified":"2025-10-02T12:30:33","modified_gmt":"2025-10-02T15:30:33","slug":"ribbon-termotransferencia-cera-negra-y-color","status":"publish","type":"product","link":"https:\/\/inversol.cl\/index.php\/producto\/ribbon-termotransferencia-cera-negra-y-color\/","title":{"rendered":"Ribbon Termotransferencia Cera Negra y Color"},"content":{"rendered":"<p>La Cinta \u00f3 Ribbon de Cera JC1006B ofrece una buena Calidad de Impresi\u00f3n en todo tipo de Etiquetas para C\u00f3digos de Barra, incluyendo papeles Laminados y No Laminados.<\/p>\n<p>Estas Cintas han sido desarrolladas para ser utilizadas en un variado Rango de Impresoras T\u00e9rmicas, pudiendo imprimir con un bajo consumo a una alta velocidad. Dise\u00f1ada para Aplicaciones en: Cajas , Etiquetado Postal, Etiquetado de prop\u00f3sito general e Industrial, Retail, Otros.<\/p>\n","protected":false},"excerpt":{"rendered":"<p>La Cinta \u00f3 Ribbon de Cera JC1006B ofrece una buena Calidad de Impresi\u00f3n en todo tipo de Etiquetas para C\u00f3digos de Barra, incluyendo papeles Laminados y No Laminados. Estas Cintas han sido desarrolladas para ser utilizadas en un variado Rango de Impresoras T\u00e9rmicas, pudiendo imprimir con un bajo consumo a una alta velocidad. Dise\u00f1ada para&#8230;<\/p>\n","protected":false},"featured_media":60978,"template":"","meta":{"_acf_changed":false},"product_cat":[1811],"product_tag":[],"class_list":{"0":"post-60457","1":"product","2":"type-product","3":"status-publish","4":"has-post-thumbnail","6":"product_cat-ribbons","8":"first","9":"instock","10":"shipping-taxable","11":"product-type-simple"},"acf":[],"_links":{"self":[{"href":"https:\/\/inversol.cl\/index.php\/wp-json\/wp\/v2\/product\/60457","targetHints":{"allow":["GET"]}}],"collection":[{"href":"https:\/\/inversol.cl\/index.php\/wp-json\/wp\/v2\/product"}],"about":[{"href":"https:\/\/inversol.cl\/index.php\/wp-json\/wp\/v2\/types\/product"}],"wp:featuredmedia":[{"embeddable":true,"href":"https:\/\/inversol.cl\/index.php\/wp-json\/wp\/v2\/media\/60978"}],"wp:attachment":[{"href":"https:\/\/inversol.cl\/index.php\/wp-json\/wp\/v2\/media?parent=60457"}],"wp:term":[{"taxonomy":"product_cat","embeddable":true,"href":"https:\/\/inversol.cl\/index.php\/wp-json\/wp\/v2\/product_cat?post=60457"},{"taxonomy":"product_tag","embeddable":true,"href":"https:\/\/inversol.cl\/index.php\/wp-json\/wp\/v2\/product_tag?post=60457"}],"curies":[{"name":"wp","href":"https:\/\/api.w.org\/{rel}","templated":true}]}}