{"id":60463,"date":"2025-02-10T17:14:40","date_gmt":"2025-02-10T20:14:40","guid":{"rendered":"https:\/\/inversol.cl\/?post_type=product&#038;p=60463"},"modified":"2025-02-10T17:14:40","modified_gmt":"2025-02-10T20:14:40","slug":"pistola-para-inflado-de-dunnage-air-bag","status":"publish","type":"product","link":"https:\/\/inversol.cl\/index.php\/producto\/pistola-para-inflado-de-dunnage-air-bag\/","title":{"rendered":"Pistola para Inflado de Dunnage Air Bag"},"content":{"rendered":"<p>La STORM AIR GUN, fue dise\u00f1ada para inflar de manera sencilla los sacos separadores de pallets (DUNNAGE AIR BAGS) dentro de los contenedores. Estas Bolsas son un tipo de material de embalaje utilizado en el transporte de mercanc\u00edas. Est\u00e1n dise\u00f1adas para llenar el espacio vac\u00edo entre la carga y las paredes del contenedor, evitando que los productos se muevan y se da\u00f1en durante el transporte. Las bolsas inflables se pueden utilizar en camiones, barcos y trenes para asegurar la carga.<\/p>\n<p><strong>ESPECIFICACIONES<\/strong><\/p>\n<ul>\n<li>TURBO VALVE<\/li>\n<li>PRESION DE TRABAJO 1 Psi<\/li>\n<li>ARMAZON PP<\/li>\n<li>PESO 350 Grs.<\/li>\n<li>DIMENSIONES 240x170x60mm<\/li>\n<\/ul>\n","protected":false},"excerpt":{"rendered":"<p>La STORM AIR GUN, fue dise\u00f1ada para inflar de manera sencilla los sacos separadores de pallets (DUNNAGE AIR BAGS) dentro de los contenedores. Estas Bolsas son un tipo de material de embalaje utilizado en el transporte de mercanc\u00edas. Est\u00e1n dise\u00f1adas para llenar el espacio vac\u00edo entre la carga y las paredes del contenedor, evitando que&#8230;<\/p>\n","protected":false},"featured_media":60464,"template":"","meta":{"_acf_changed":false},"product_cat":[1812,1720],"product_tag":[],"class_list":{"0":"post-60463","1":"product","2":"type-product","3":"status-publish","4":"has-post-thumbnail","6":"product_cat-dunnage-pp-y-kraft","7":"product_cat-sacos","9":"first","10":"instock","11":"shipping-taxable","12":"product-type-simple"},"acf":[],"_links":{"self":[{"href":"https:\/\/inversol.cl\/index.php\/wp-json\/wp\/v2\/product\/60463","targetHints":{"allow":["GET"]}}],"collection":[{"href":"https:\/\/inversol.cl\/index.php\/wp-json\/wp\/v2\/product"}],"about":[{"href":"https:\/\/inversol.cl\/index.php\/wp-json\/wp\/v2\/types\/product"}],"wp:featuredmedia":[{"embeddable":true,"href":"https:\/\/inversol.cl\/index.php\/wp-json\/wp\/v2\/media\/60464"}],"wp:attachment":[{"href":"https:\/\/inversol.cl\/index.php\/wp-json\/wp\/v2\/media?parent=60463"}],"wp:term":[{"taxonomy":"product_cat","embeddable":true,"href":"https:\/\/inversol.cl\/index.php\/wp-json\/wp\/v2\/product_cat?post=60463"},{"taxonomy":"product_tag","embeddable":true,"href":"https:\/\/inversol.cl\/index.php\/wp-json\/wp\/v2\/product_tag?post=60463"}],"curies":[{"name":"wp","href":"https:\/\/api.w.org\/{rel}","templated":true}]}}