{"id":60491,"date":"2025-02-10T17:45:12","date_gmt":"2025-02-10T20:45:12","guid":{"rendered":"https:\/\/inversol.cl\/?post_type=product&#038;p=60491"},"modified":"2025-02-10T17:45:12","modified_gmt":"2025-02-10T20:45:12","slug":"selladora-de-cajas-semiautomatica-modelo-mh-ma","status":"publish","type":"product","link":"https:\/\/inversol.cl\/index.php\/producto\/selladora-de-cajas-semiautomatica-modelo-mh-ma\/","title":{"rendered":"Selladora De Cajas Semiautom\u00e1tica Modelo MH-MA"},"content":{"rendered":"<p>Selladoras de cajas Semiautom\u00e1tica de Arrastre Lateral puede utilizar cinta adhesiva tanto de Papel Kraft como de Polipropileno, Dise\u00f1ada bajo los mas altos est\u00e1ndares de calidad, estructura solida, cuenta con conveyor de Entrada y de Salida, Patas y Ruedas regulables. Especial para cajas peque\u00f1as.<\/p>\n","protected":false},"excerpt":{"rendered":"<p>Selladoras de cajas Semiautom\u00e1tica de Arrastre Lateral puede utilizar cinta adhesiva tanto de Papel Kraft como de Polipropileno, Dise\u00f1ada bajo los mas altos est\u00e1ndares de calidad, estructura solida, cuenta con conveyor de Entrada y de Salida, Patas y Ruedas regulables. Especial para cajas peque\u00f1as.<\/p>\n","protected":false},"featured_media":60492,"template":"","meta":{"_acf_changed":false},"product_cat":[1814],"product_tag":[],"class_list":{"0":"post-60491","1":"product","2":"type-product","3":"status-publish","4":"has-post-thumbnail","6":"product_cat-selladoras-de-cajas","8":"first","9":"instock","10":"shipping-taxable","11":"product-type-simple"},"acf":[],"_links":{"self":[{"href":"https:\/\/inversol.cl\/index.php\/wp-json\/wp\/v2\/product\/60491","targetHints":{"allow":["GET"]}}],"collection":[{"href":"https:\/\/inversol.cl\/index.php\/wp-json\/wp\/v2\/product"}],"about":[{"href":"https:\/\/inversol.cl\/index.php\/wp-json\/wp\/v2\/types\/product"}],"wp:featuredmedia":[{"embeddable":true,"href":"https:\/\/inversol.cl\/index.php\/wp-json\/wp\/v2\/media\/60492"}],"wp:attachment":[{"href":"https:\/\/inversol.cl\/index.php\/wp-json\/wp\/v2\/media?parent=60491"}],"wp:term":[{"taxonomy":"product_cat","embeddable":true,"href":"https:\/\/inversol.cl\/index.php\/wp-json\/wp\/v2\/product_cat?post=60491"},{"taxonomy":"product_tag","embeddable":true,"href":"https:\/\/inversol.cl\/index.php\/wp-json\/wp\/v2\/product_tag?post=60491"}],"curies":[{"name":"wp","href":"https:\/\/api.w.org\/{rel}","templated":true}]}}