{"id":60900,"date":"2025-09-25T14:21:53","date_gmt":"2025-09-25T17:21:53","guid":{"rendered":"https:\/\/inversol.cl\/index.php\/producto\/sacos-de-rafia-de-polipropileno\/"},"modified":"2025-09-25T14:21:54","modified_gmt":"2025-09-25T17:21:54","slug":"sacos-de-rafia-de-polipropileno","status":"publish","type":"product","link":"https:\/\/inversol.cl\/index.php\/producto\/sacos-de-rafia-de-polipropileno\/","title":{"rendered":"Sacos de  Rafia de Polipropileno"},"content":{"rendered":"<p>Confecci\u00f3n en rafia. Ligeros, flexibles. Uso agr\u00edcola y hortofrut\u00edcola.<\/p>\n","protected":false},"excerpt":{"rendered":"<p>Disponibles en distintos tama\u00f1os y gramajes y troquelados<\/p>\n","protected":false},"featured_media":60899,"template":"","meta":{"_acf_changed":false},"product_cat":[1862],"product_tag":[],"class_list":{"0":"post-60900","1":"product","2":"type-product","3":"status-publish","4":"has-post-thumbnail","6":"product_cat-sacos-polipropileno","8":"first","9":"instock","10":"shipping-taxable","11":"product-type-simple"},"acf":[],"_links":{"self":[{"href":"https:\/\/inversol.cl\/index.php\/wp-json\/wp\/v2\/product\/60900","targetHints":{"allow":["GET"]}}],"collection":[{"href":"https:\/\/inversol.cl\/index.php\/wp-json\/wp\/v2\/product"}],"about":[{"href":"https:\/\/inversol.cl\/index.php\/wp-json\/wp\/v2\/types\/product"}],"wp:featuredmedia":[{"embeddable":true,"href":"https:\/\/inversol.cl\/index.php\/wp-json\/wp\/v2\/media\/60899"}],"wp:attachment":[{"href":"https:\/\/inversol.cl\/index.php\/wp-json\/wp\/v2\/media?parent=60900"}],"wp:term":[{"taxonomy":"product_cat","embeddable":true,"href":"https:\/\/inversol.cl\/index.php\/wp-json\/wp\/v2\/product_cat?post=60900"},{"taxonomy":"product_tag","embeddable":true,"href":"https:\/\/inversol.cl\/index.php\/wp-json\/wp\/v2\/product_tag?post=60900"}],"curies":[{"name":"wp","href":"https:\/\/api.w.org\/{rel}","templated":true}]}}